{"id":827,"date":"2025-12-12T23:12:12","date_gmt":"2025-12-12T23:12:12","guid":{"rendered":"https:\/\/santamasala.com\/?post_type=product&#038;p=827"},"modified":"2025-12-16T19:44:40","modified_gmt":"2025-12-16T19:44:40","slug":"caja-navidena-individual-1-unidad","status":"publish","type":"product","link":"https:\/\/santamasala.com\/en\/product\/caja-navidena-individual-1-unidad\/","title":{"rendered":"Caja Navide\u00f1a Minca- 1 Unidad"},"content":{"rendered":"<p>Un detalle perfecto para consentirte o sorprender a alguien especial. Disfruta de un solo chutney seleccionado entre nuestros sabores: Cilantro, Tamarindo y D\u00e1tiles, Mango, Pi\u00f1a y Ar\u00e1ndanos o Chile Picante. \u00a1Un toque \u00fanico de sabor para esta Navidad!.<\/p>","protected":false},"excerpt":{"rendered":"<p>Disfruta de un solo chutney seleccionado entre nuestros sabores: Cilantro, Tamarindo y D\u00e1tiles, Mango, Pi\u00f1a y Ar\u00e1ndanos o Chile Picante. \u00a1Un toque \u00fanico de sabor para esta Navidad!<\/p>","protected":false},"featured_media":842,"comment_status":"open","ping_status":"closed","template":"","meta":{"pagelayer_contact_templates":[],"_pagelayer_content":""},"product_brand":[],"product_cat":[40],"product_tag":[],"class_list":{"0":"post-827","1":"product","2":"type-product","3":"status-publish","4":"has-post-thumbnail","6":"product_cat-gift-boxes","7":"product_shipping_class-chutneys-nacional","9":"first","10":"instock","11":"taxable","12":"shipping-taxable","13":"purchasable","14":"product-type-simple"},"_links":{"self":[{"href":"https:\/\/santamasala.com\/en\/wp-json\/wp\/v2\/product\/827","targetHints":{"allow":["GET"]}}],"collection":[{"href":"https:\/\/santamasala.com\/en\/wp-json\/wp\/v2\/product"}],"about":[{"href":"https:\/\/santamasala.com\/en\/wp-json\/wp\/v2\/types\/product"}],"replies":[{"embeddable":true,"href":"https:\/\/santamasala.com\/en\/wp-json\/wp\/v2\/comments?post=827"}],"wp:featuredmedia":[{"embeddable":true,"href":"https:\/\/santamasala.com\/en\/wp-json\/wp\/v2\/media\/842"}],"wp:attachment":[{"href":"https:\/\/santamasala.com\/en\/wp-json\/wp\/v2\/media?parent=827"}],"wp:term":[{"taxonomy":"product_brand","embeddable":true,"href":"https:\/\/santamasala.com\/en\/wp-json\/wp\/v2\/product_brand?post=827"},{"taxonomy":"product_cat","embeddable":true,"href":"https:\/\/santamasala.com\/en\/wp-json\/wp\/v2\/product_cat?post=827"},{"taxonomy":"product_tag","embeddable":true,"href":"https:\/\/santamasala.com\/en\/wp-json\/wp\/v2\/product_tag?post=827"}],"curies":[{"name":"wp","href":"https:\/\/api.w.org\/{rel}","templated":true}]}}