{"id":812,"date":"2025-12-04T23:37:36","date_gmt":"2025-12-04T23:37:36","guid":{"rendered":"https:\/\/santamasala.com\/?post_type=product&#038;p=812"},"modified":"2025-12-04T23:37:37","modified_gmt":"2025-12-04T23:37:37","slug":"kulfi-malai","status":"publish","type":"product","link":"https:\/\/santamasala.com\/en\/product\/kulfi-malai\/","title":{"rendered":"Kulfi Malai"},"content":{"rendered":"<h3 data-start=\"411\" data-end=\"434\"><strong data-start=\"415\" data-end=\"432\">&#x2728; Kulfi Malai<\/strong><\/h3>\n<p data-start=\"435\" data-end=\"575\">La versi\u00f3n m\u00e1s tradicional: leche lenta y pacientemente reducida con notas suaves de cardamomo. Cremoso, delicado y profundamente aut\u00e9ntico.<\/p>","protected":false},"excerpt":{"rendered":"<p>La versi\u00f3n m\u00e1s tradicional: leche lenta y pacientemente reducida con notas suaves de cardamomo<\/p>","protected":false},"featured_media":0,"comment_status":"open","ping_status":"closed","template":"","meta":{"pagelayer_contact_templates":[],"_pagelayer_content":""},"product_brand":[],"product_cat":[28],"product_tag":[],"class_list":{"0":"post-812","1":"product","2":"type-product","3":"status-publish","5":"product_cat-postres","7":"first","8":"instock","9":"taxable","10":"shipping-taxable","11":"purchasable","12":"product-type-simple"},"_links":{"self":[{"href":"https:\/\/santamasala.com\/en\/wp-json\/wp\/v2\/product\/812","targetHints":{"allow":["GET"]}}],"collection":[{"href":"https:\/\/santamasala.com\/en\/wp-json\/wp\/v2\/product"}],"about":[{"href":"https:\/\/santamasala.com\/en\/wp-json\/wp\/v2\/types\/product"}],"replies":[{"embeddable":true,"href":"https:\/\/santamasala.com\/en\/wp-json\/wp\/v2\/comments?post=812"}],"wp:attachment":[{"href":"https:\/\/santamasala.com\/en\/wp-json\/wp\/v2\/media?parent=812"}],"wp:term":[{"taxonomy":"product_brand","embeddable":true,"href":"https:\/\/santamasala.com\/en\/wp-json\/wp\/v2\/product_brand?post=812"},{"taxonomy":"product_cat","embeddable":true,"href":"https:\/\/santamasala.com\/en\/wp-json\/wp\/v2\/product_cat?post=812"},{"taxonomy":"product_tag","embeddable":true,"href":"https:\/\/santamasala.com\/en\/wp-json\/wp\/v2\/product_tag?post=812"}],"curies":[{"name":"wp","href":"https:\/\/api.w.org\/{rel}","templated":true}]}}