{"id":757,"date":"2025-12-04T22:44:24","date_gmt":"2025-12-04T22:44:24","guid":{"rendered":"https:\/\/santamasala.com\/?post_type=product&#038;p=757"},"modified":"2025-12-04T22:52:07","modified_gmt":"2025-12-04T22:52:07","slug":"lassi-mango","status":"publish","type":"product","link":"https:\/\/santamasala.com\/en\/product\/lassi-mango\/","title":{"rendered":"Maracuya Lassi"},"content":{"rendered":"","protected":false},"excerpt":{"rendered":"<h3 data-start=\"351\" data-end=\"381\"><strong data-start=\"355\" data-end=\"379\">&#x1f379; Lassi de Maracuy\u00e1<\/strong><\/h3>\n<p data-start=\"382\" data-end=\"596\">Una mezcla ex\u00f3tica y vibrante. Yogur cremoso fusionado con pulpa fresca de maracuy\u00e1, logrando una bebida refrescante, ligeramente \u00e1cida y naturalmente dulce. Ideal para quienes buscan un sabor tropical m\u00e1s intenso.<\/p>","protected":false},"featured_media":0,"comment_status":"open","ping_status":"closed","template":"","meta":{"pagelayer_contact_templates":[],"_pagelayer_content":""},"product_brand":[],"product_cat":[27,30],"product_tag":[],"class_list":{"0":"post-757","1":"product","2":"type-product","3":"status-publish","5":"product_cat-bebidas","6":"product_cat-jugos-naturales","8":"first","9":"instock","10":"taxable","11":"shipping-taxable","12":"purchasable","13":"product-type-simple"},"_links":{"self":[{"href":"https:\/\/santamasala.com\/en\/wp-json\/wp\/v2\/product\/757","targetHints":{"allow":["GET"]}}],"collection":[{"href":"https:\/\/santamasala.com\/en\/wp-json\/wp\/v2\/product"}],"about":[{"href":"https:\/\/santamasala.com\/en\/wp-json\/wp\/v2\/types\/product"}],"replies":[{"embeddable":true,"href":"https:\/\/santamasala.com\/en\/wp-json\/wp\/v2\/comments?post=757"}],"wp:attachment":[{"href":"https:\/\/santamasala.com\/en\/wp-json\/wp\/v2\/media?parent=757"}],"wp:term":[{"taxonomy":"product_brand","embeddable":true,"href":"https:\/\/santamasala.com\/en\/wp-json\/wp\/v2\/product_brand?post=757"},{"taxonomy":"product_cat","embeddable":true,"href":"https:\/\/santamasala.com\/en\/wp-json\/wp\/v2\/product_cat?post=757"},{"taxonomy":"product_tag","embeddable":true,"href":"https:\/\/santamasala.com\/en\/wp-json\/wp\/v2\/product_tag?post=757"}],"curies":[{"name":"wp","href":"https:\/\/api.w.org\/{rel}","templated":true}]}}